{"id":8241,"date":"2018-06-14T16:04:34","date_gmt":"2018-06-14T16:04:34","guid":{"rendered":"https:\/\/probus-scandinavia.com\/themenreisen\/"},"modified":"2019-03-27T13:09:10","modified_gmt":"2019-03-27T13:09:10","slug":"theme-oriented-trips","status":"publish","type":"page","link":"https:\/\/probus-scandinavia.com\/en\/theme-oriented-trips\/","title":{"rendered":"Theme oriented trips"},"content":{"rendered":"\t\t<div data-elementor-type=\"wp-post\" data-elementor-id=\"8241\" class=\"elementor elementor-8241 elementor-4766 elementor-bc-flex-widget\">\n\t\t\t\t\t\t<section class=\"elementor-section elementor-top-section elementor-element elementor-element-48c022a elementor-section-full_width elementor-section-height-default elementor-section-height-default default-style\" data-id=\"48c022a\" data-element_type=\"section\" data-e-type=\"section\" data-settings=\"{&quot;rt_color_sets&quot;:&quot;default-style&quot;}\">\n\t\t\t\t\t\t<div class=\"elementor-container elementor-column-gap-no\">\n\t\t\t\t\t<div class=\"elementor-column elementor-col-100 elementor-top-column elementor-element elementor-element-4518e86\" data-id=\"4518e86\" data-element_type=\"column\" data-e-type=\"column\">\n\t\t\t<div class=\"elementor-widget-wrap elementor-element-populated\">\n\t\t\t\t\t\t<div class=\"elementor-element elementor-element-c177d01 elementor-widget elementor-widget-rt-slider\" data-id=\"c177d01\" data-element_type=\"widget\" data-e-type=\"widget\" data-widget_type=\"rt-slider.default\">\n\t\t\t\t<div class=\"elementor-widget-container\">\n\t\t\t\t\t<div id=\"content-slider-704534\" class=\"rt-carousel main-carousel carousel-holder clearfix\" data-thumbnails=\"false\" data-item-width=\"1\" data-mobile-height=\"300\" style=\"min-height:600px\" data-nav=\"true\" data-dots=\"false\" data-parallax=\"true\" data-fullheight=\"false\" data-timeout=\"5000\" data-autoplay=\"true\">\n<div class=\"rt-carousel-holder\" style=\"min-height:600px\"><div class=\"owl-carousel\">\n\n\t\t<div class=\"item has-bg-image  alt-style-1\" style=\"min-height: 600px;\" data-color-tone=\"light\">\n\t\t\t\n\t\t\t\n\t\t\t\t<div class=\"slide-content-wrapper default clearfix\" style=\"min-height: 600px;\">\n\t\t\t\t\t<div class=\"slide-content \" style=\"width: 40%;\">\n\t\t\t\t\t\t<h2 class=\"slide_heading\" style=\"font-size:60px;\" data-mobile-value=\"28\"  data-maxfont-size=\"60\" data-minfont-size=\"40\">Themenreisen<\/h2>\n\t\t\t\t\t\t<div class=\"slide-text\" data-mobile-value=\"18\" style=\"\">PRO BUS Skandinavia bietet Ihnen eine Vielzahl an Gruppenreisen jeglicher Art. Dazu geh\u00f6rt das passende Programmen zum Wunschthema Ihrer Reisegruppe. Lassen Sie sich inspirieren.<\/div>\n\t\t\t\t\t\t\n\t\t\t\t\t\t\n\t\t\t\t\t<\/div>\n\t\t\t\t<\/div>\n\t\t\t\n\t\t\t<div class=\"slide-background\" style=\"background-image: url(https:\/\/probus-scandinavia.com\/wp-content\/uploads\/themenreisen-1-1680x800.jpg);background-size: cover;background-position: left center;\"><\/div>\n\t\t<\/div><\/div><\/div><div class=\"rt-carousel-loading\"><\/div>\n\n<\/div>\n\t\t\t\t<\/div>\n\t\t\t\t<\/div>\n\t\t\t\t\t<\/div>\n\t\t<\/div>\n\t\t\t\t\t<\/div>\n\t\t<\/section>\n\t\t\t\t<section class=\"elementor-section elementor-top-section elementor-element elementor-element-a3e8035 elementor-section-boxed elementor-section-height-default elementor-section-height-default default-style\" data-id=\"a3e8035\" data-element_type=\"section\" data-e-type=\"section\" data-settings=\"{&quot;rt_color_sets&quot;:&quot;default-style&quot;}\">\n\t\t\t\t\t\t<div class=\"elementor-container elementor-column-gap-default\">\n\t\t\t\t\t<div class=\"elementor-column elementor-col-100 elementor-top-column elementor-element elementor-element-1ef101f\" data-id=\"1ef101f\" data-element_type=\"column\" data-e-type=\"column\">\n\t\t\t<div class=\"elementor-widget-wrap elementor-element-populated\">\n\t\t\t\t\t\t<div class=\"elementor-element elementor-element-2c54511 elementor-widget elementor-widget-rt-blog-carousel\" data-id=\"2c54511\" data-element_type=\"widget\" data-e-type=\"widget\" data-widget_type=\"rt-blog-carousel.default\">\n\t\t\t\t<div class=\"elementor-widget-container\">\n\t\t\t\t\t\r\n\t\t\t\t<div id=\"blog-carousel-dynamicID-232458\" class=\"rt-carousel carousel-holder clearfix blog-carousel style-1 rt_lightbox_gallery\" data-item-width=\"3\" data-nav=\"true\" data-dots=\"\" data-margin=\"15\" data-autoplay=\"\" data-timeout=\"5000\" data-thumbnails=\"false\" data-boxed=\"\" data-min-height=\"\" data-padding=\"0\" data-loop=\"\" data-tablet-item-width=\"\" data-mobile-item-width=\"\">\r\n\t\t\t\t\t<div class=\"owl-carousel\">\r\n\t\t\t\t\t\t<div><article id=\"8256\" class=\"item post-8256 post type-post status-publish format-standard has-post-thumbnail hentry category-themereisen-en\"><div class=\"post-content-wrapper\">\n \n\n<!-- blog box-->\n\n\n\t\t\t\t\t\n\n\t<div class=\"entry-content text\">\n\n\t\t<!-- blog headline-->\n\t\t<h5 class=\"entry-title\"><a href=\"https:\/\/probus-scandinavia.com\/en\/themereisen-en\/trainings-camps\/\" rel=\"bookmark\">Training camps<\/a><\/h5> \n\n\t\t\n\t\t\t\t<figure class=\"featured_image featured_media\">\n\t\t\t<a href=\"https:\/\/probus-scandinavia.com\/en\/themereisen-en\/trainings-camps\/\" title=\"Training camps\" class=\"imgeffect link featured_image\"><img fetchpriority=\"high\" decoding=\"async\" src=\"https:\/\/probus-scandinavia.com\/wp-content\/uploads\/handball-1680x926-480x229.jpg\" alt=\"\" class=\"\" width=\"480\" height=\"229\" \/><\/a>\t\t\n\t\t<\/figure> \n\t\t\n\t\t<p>Scandinavia has a very good and modern infrastructure of sports facilities. In addition, the north i...<\/p>\t<\/div> \n\n\t<div class=\"entry-footer\">\n\n\t\t<a href=\"https:\/\/probus-scandinavia.com\/en\/themereisen-en\/trainings-camps\/\" class=\"read_more\">Continue reading<\/a>\n\t<\/div>\n\n<!-- \/ blog box-->\n<\/div><\/article>\n<\/div><div><article id=\"8244\" class=\"item post-8244 post type-post status-publish format-standard has-post-thumbnail hentry category-themereisen-en\"><div class=\"post-content-wrapper\">\n \n\n<!-- blog box-->\n\n\n\t\t\t\t\t\n\n\t<div class=\"entry-content text\">\n\n\t\t<!-- blog headline-->\n\t\t<h5 class=\"entry-title\"><a href=\"https:\/\/probus-scandinavia.com\/en\/themereisen-en\/agricultural-travel\/\" rel=\"bookmark\">Agricultural travel<\/a><\/h5> \n\n\t\t\n\t\t\t\t<figure class=\"featured_image featured_media\">\n\t\t\t<a href=\"https:\/\/probus-scandinavia.com\/en\/themereisen-en\/agricultural-travel\/\" title=\"Agricultural travel\" class=\"imgeffect link featured_image\"><img decoding=\"async\" src=\"https:\/\/probus-scandinavia.com\/wp-content\/uploads\/agrarreisen-1680x800-480x229.jpg\" alt=\"\" class=\"\" width=\"480\" height=\"229\" \/><\/a>\t\t\n\t\t<\/figure> \n\t\t\n\t\t<p>Scandinavia is particularly suitable for groups with an interest in agricultural topics. In particul...<\/p>\t<\/div> \n\n\t<div class=\"entry-footer\">\n\n\t\t<a href=\"https:\/\/probus-scandinavia.com\/en\/themereisen-en\/agricultural-travel\/\" class=\"read_more\">Continue reading<\/a>\n\t<\/div>\n\n<!-- \/ blog box-->\n<\/div><\/article>\n<\/div><div><article id=\"8252\" class=\"item post-8252 post type-post status-publish format-standard has-post-thumbnail hentry category-aktivurlaub-en category-themereisen-en\"><div class=\"post-content-wrapper\">\n \n\n<!-- blog box-->\n\n\n\t\t\t\t\t\n\n\t<div class=\"entry-content text\">\n\n\t\t<!-- blog headline-->\n\t\t<h5 class=\"entry-title\"><a href=\"https:\/\/probus-scandinavia.com\/en\/themereisen-en\/active-holiday\/\" rel=\"bookmark\">Active holiday<\/a><\/h5> \n\n\t\t\n\t\t\t\t<figure class=\"featured_image featured_media\">\n\t\t\t<a href=\"https:\/\/probus-scandinavia.com\/en\/themereisen-en\/active-holiday\/\" title=\"Active holiday\" class=\"imgeffect link featured_image\"><img decoding=\"async\" src=\"https:\/\/probus-scandinavia.com\/wp-content\/uploads\/aktivurlaub-1680x800-480x229.jpg\" alt=\"\" class=\"\" width=\"480\" height=\"229\" \/><\/a>\t\t\n\t\t<\/figure> \n\t\t\n\t\t<p>Scandinavia is a true paradise for hikers and cyclists, there are all sorts of routes from &#8220;ea...<\/p>\t<\/div> \n\n\t<div class=\"entry-footer\">\n\n\t\t<a href=\"https:\/\/probus-scandinavia.com\/en\/themereisen-en\/active-holiday\/\" class=\"read_more\">Continue reading<\/a>\n\t<\/div>\n\n<!-- \/ blog box-->\n<\/div><\/article>\n<\/div>\r\n\t\t\t\t\t<\/div>\r\n\t\t\t\t\t\r\n\t\t\t\t\t\r\n\t\t\t\t<\/div>\r\n\t\t\t\t\t\t\t<\/div>\n\t\t\t\t<\/div>\n\t\t\t\t\t<\/div>\n\t\t<\/div>\n\t\t\t\t\t<\/div>\n\t\t<\/section>\n\t\t\t\t<\/div>\n\t\t","protected":false},"excerpt":{"rendered":"<p>Themenreisen PRO BUS Skandinavia bietet Ihnen eine Vielzahl an Gruppenreisen jeglicher Art. Dazu geh\u00f6rt das passende Programmen zum Wunschthema Ihrer Reisegruppe. Lassen Sie sich inspirieren. Trainingscamps Skandinavien verf\u00fcgt \u00fcber eine sehr gute und moderne Infrastruktur an Sportst\u00e4tten. Zudem eignet sic&#8230; Weiterlesen Agrarreise Skandinavien eignet sich ganz besonders gut f\u00fcr Gruppen mit Interesse an landwirtschaftlichen Themen&#8230; [&hellip;]<\/p>\n","protected":false},"author":2,"featured_media":0,"parent":0,"menu_order":0,"comment_status":"closed","ping_status":"closed","template":"","meta":{"footnotes":""},"class_list":["post-8241","page","type-page","status-publish","hentry"],"yoast_head":"<!-- This site is optimized with the Yoast SEO plugin v27.3 - https:\/\/yoast.com\/product\/yoast-seo-wordpress\/ -->\n<title>Theme oriented trips - Pro Bus Scandinavia<\/title>\n<meta name=\"robots\" content=\"index, follow, max-snippet:-1, max-image-preview:large, max-video-preview:-1\" \/>\n<link rel=\"canonical\" href=\"https:\/\/probus-scandinavia.com\/en\/theme-oriented-trips\/\" \/>\n<meta property=\"og:locale\" content=\"en_US\" \/>\n<meta property=\"og:type\" content=\"article\" \/>\n<meta property=\"og:title\" content=\"Theme oriented trips - Pro Bus Scandinavia\" \/>\n<meta property=\"og:description\" content=\"Themenreisen PRO BUS Skandinavia bietet Ihnen eine Vielzahl an Gruppenreisen jeglicher Art. Dazu geh\u00f6rt das passende Programmen zum Wunschthema Ihrer Reisegruppe. Lassen Sie sich inspirieren. Trainingscamps Skandinavien verf\u00fcgt \u00fcber eine sehr gute und moderne Infrastruktur an Sportst\u00e4tten. Zudem eignet sic&#8230; Weiterlesen Agrarreise Skandinavien eignet sich ganz besonders gut f\u00fcr Gruppen mit Interesse an landwirtschaftlichen Themen&#8230; [&hellip;]\" \/>\n<meta property=\"og:url\" content=\"https:\/\/probus-scandinavia.com\/en\/theme-oriented-trips\/\" \/>\n<meta property=\"og:site_name\" content=\"Pro Bus Scandinavia\" \/>\n<meta property=\"article:modified_time\" content=\"2019-03-27T13:09:10+00:00\" \/>\n<meta property=\"og:image\" content=\"https:\/\/probus-scandinavia.com\/wp-content\/uploads\/handball-1680x926-480x229.jpg\" \/>\n<meta name=\"twitter:card\" content=\"summary_large_image\" \/>\n<script type=\"application\/ld+json\" class=\"yoast-schema-graph\">{\"@context\":\"https:\\\/\\\/schema.org\",\"@graph\":[{\"@type\":\"WebPage\",\"@id\":\"https:\\\/\\\/probus-scandinavia.com\\\/en\\\/theme-oriented-trips\\\/\",\"url\":\"https:\\\/\\\/probus-scandinavia.com\\\/en\\\/theme-oriented-trips\\\/\",\"name\":\"Theme oriented trips - Pro Bus Scandinavia\",\"isPartOf\":{\"@id\":\"https:\\\/\\\/probus-scandinavia.com\\\/en\\\/#website\"},\"primaryImageOfPage\":{\"@id\":\"https:\\\/\\\/probus-scandinavia.com\\\/en\\\/theme-oriented-trips\\\/#primaryimage\"},\"image\":{\"@id\":\"https:\\\/\\\/probus-scandinavia.com\\\/en\\\/theme-oriented-trips\\\/#primaryimage\"},\"thumbnailUrl\":\"https:\\\/\\\/probus-scandinavia.com\\\/wp-content\\\/uploads\\\/handball-1680x926-480x229.jpg\",\"datePublished\":\"2018-06-14T16:04:34+00:00\",\"dateModified\":\"2019-03-27T13:09:10+00:00\",\"breadcrumb\":{\"@id\":\"https:\\\/\\\/probus-scandinavia.com\\\/en\\\/theme-oriented-trips\\\/#breadcrumb\"},\"inLanguage\":\"en-US\",\"potentialAction\":[{\"@type\":\"ReadAction\",\"target\":[\"https:\\\/\\\/probus-scandinavia.com\\\/en\\\/theme-oriented-trips\\\/\"]}]},{\"@type\":\"ImageObject\",\"inLanguage\":\"en-US\",\"@id\":\"https:\\\/\\\/probus-scandinavia.com\\\/en\\\/theme-oriented-trips\\\/#primaryimage\",\"url\":\"https:\\\/\\\/probus-scandinavia.com\\\/wp-content\\\/uploads\\\/handball-1680x926-480x229.jpg\",\"contentUrl\":\"https:\\\/\\\/probus-scandinavia.com\\\/wp-content\\\/uploads\\\/handball-1680x926-480x229.jpg\"},{\"@type\":\"BreadcrumbList\",\"@id\":\"https:\\\/\\\/probus-scandinavia.com\\\/en\\\/theme-oriented-trips\\\/#breadcrumb\",\"itemListElement\":[{\"@type\":\"ListItem\",\"position\":1,\"name\":\"Home\",\"item\":\"https:\\\/\\\/probus-scandinavia.com\\\/en\\\/\"},{\"@type\":\"ListItem\",\"position\":2,\"name\":\"Theme oriented trips\"}]},{\"@type\":\"WebSite\",\"@id\":\"https:\\\/\\\/probus-scandinavia.com\\\/en\\\/#website\",\"url\":\"https:\\\/\\\/probus-scandinavia.com\\\/en\\\/\",\"name\":\"Pro Bus Scandinavia\",\"description\":\"Gruppenreisen in Skandinavien\",\"publisher\":{\"@id\":\"https:\\\/\\\/probus-scandinavia.com\\\/en\\\/#organization\"},\"potentialAction\":[{\"@type\":\"SearchAction\",\"target\":{\"@type\":\"EntryPoint\",\"urlTemplate\":\"https:\\\/\\\/probus-scandinavia.com\\\/en\\\/?s={search_term_string}\"},\"query-input\":{\"@type\":\"PropertyValueSpecification\",\"valueRequired\":true,\"valueName\":\"search_term_string\"}}],\"inLanguage\":\"en-US\"},{\"@type\":\"Organization\",\"@id\":\"https:\\\/\\\/probus-scandinavia.com\\\/en\\\/#organization\",\"name\":\"PRO BUS SCANDINAVIA\",\"url\":\"https:\\\/\\\/probus-scandinavia.com\\\/en\\\/\",\"logo\":{\"@type\":\"ImageObject\",\"inLanguage\":\"en-US\",\"@id\":\"https:\\\/\\\/probus-scandinavia.com\\\/en\\\/#\\\/schema\\\/logo\\\/image\\\/\",\"url\":\"https:\\\/\\\/probus-scandinavia.com\\\/wp-content\\\/uploads\\\/pro-bus-logo-200h.png\",\"contentUrl\":\"https:\\\/\\\/probus-scandinavia.com\\\/wp-content\\\/uploads\\\/pro-bus-logo-200h.png\",\"width\":442,\"height\":200,\"caption\":\"PRO BUS SCANDINAVIA\"},\"image\":{\"@id\":\"https:\\\/\\\/probus-scandinavia.com\\\/en\\\/#\\\/schema\\\/logo\\\/image\\\/\"}}]}<\/script>\n<!-- \/ Yoast SEO plugin. -->","yoast_head_json":{"title":"Theme oriented trips - Pro Bus Scandinavia","robots":{"index":"index","follow":"follow","max-snippet":"max-snippet:-1","max-image-preview":"max-image-preview:large","max-video-preview":"max-video-preview:-1"},"canonical":"https:\/\/probus-scandinavia.com\/en\/theme-oriented-trips\/","og_locale":"en_US","og_type":"article","og_title":"Theme oriented trips - Pro Bus Scandinavia","og_description":"Themenreisen PRO BUS Skandinavia bietet Ihnen eine Vielzahl an Gruppenreisen jeglicher Art. Dazu geh\u00f6rt das passende Programmen zum Wunschthema Ihrer Reisegruppe. Lassen Sie sich inspirieren. Trainingscamps Skandinavien verf\u00fcgt \u00fcber eine sehr gute und moderne Infrastruktur an Sportst\u00e4tten. Zudem eignet sic&#8230; Weiterlesen Agrarreise Skandinavien eignet sich ganz besonders gut f\u00fcr Gruppen mit Interesse an landwirtschaftlichen Themen&#8230; [&hellip;]","og_url":"https:\/\/probus-scandinavia.com\/en\/theme-oriented-trips\/","og_site_name":"Pro Bus Scandinavia","article_modified_time":"2019-03-27T13:09:10+00:00","og_image":[{"url":"https:\/\/probus-scandinavia.com\/wp-content\/uploads\/handball-1680x926-480x229.jpg","type":"","width":"","height":""}],"twitter_card":"summary_large_image","schema":{"@context":"https:\/\/schema.org","@graph":[{"@type":"WebPage","@id":"https:\/\/probus-scandinavia.com\/en\/theme-oriented-trips\/","url":"https:\/\/probus-scandinavia.com\/en\/theme-oriented-trips\/","name":"Theme oriented trips - Pro Bus Scandinavia","isPartOf":{"@id":"https:\/\/probus-scandinavia.com\/en\/#website"},"primaryImageOfPage":{"@id":"https:\/\/probus-scandinavia.com\/en\/theme-oriented-trips\/#primaryimage"},"image":{"@id":"https:\/\/probus-scandinavia.com\/en\/theme-oriented-trips\/#primaryimage"},"thumbnailUrl":"https:\/\/probus-scandinavia.com\/wp-content\/uploads\/handball-1680x926-480x229.jpg","datePublished":"2018-06-14T16:04:34+00:00","dateModified":"2019-03-27T13:09:10+00:00","breadcrumb":{"@id":"https:\/\/probus-scandinavia.com\/en\/theme-oriented-trips\/#breadcrumb"},"inLanguage":"en-US","potentialAction":[{"@type":"ReadAction","target":["https:\/\/probus-scandinavia.com\/en\/theme-oriented-trips\/"]}]},{"@type":"ImageObject","inLanguage":"en-US","@id":"https:\/\/probus-scandinavia.com\/en\/theme-oriented-trips\/#primaryimage","url":"https:\/\/probus-scandinavia.com\/wp-content\/uploads\/handball-1680x926-480x229.jpg","contentUrl":"https:\/\/probus-scandinavia.com\/wp-content\/uploads\/handball-1680x926-480x229.jpg"},{"@type":"BreadcrumbList","@id":"https:\/\/probus-scandinavia.com\/en\/theme-oriented-trips\/#breadcrumb","itemListElement":[{"@type":"ListItem","position":1,"name":"Home","item":"https:\/\/probus-scandinavia.com\/en\/"},{"@type":"ListItem","position":2,"name":"Theme oriented trips"}]},{"@type":"WebSite","@id":"https:\/\/probus-scandinavia.com\/en\/#website","url":"https:\/\/probus-scandinavia.com\/en\/","name":"Pro Bus Scandinavia","description":"Gruppenreisen in Skandinavien","publisher":{"@id":"https:\/\/probus-scandinavia.com\/en\/#organization"},"potentialAction":[{"@type":"SearchAction","target":{"@type":"EntryPoint","urlTemplate":"https:\/\/probus-scandinavia.com\/en\/?s={search_term_string}"},"query-input":{"@type":"PropertyValueSpecification","valueRequired":true,"valueName":"search_term_string"}}],"inLanguage":"en-US"},{"@type":"Organization","@id":"https:\/\/probus-scandinavia.com\/en\/#organization","name":"PRO BUS SCANDINAVIA","url":"https:\/\/probus-scandinavia.com\/en\/","logo":{"@type":"ImageObject","inLanguage":"en-US","@id":"https:\/\/probus-scandinavia.com\/en\/#\/schema\/logo\/image\/","url":"https:\/\/probus-scandinavia.com\/wp-content\/uploads\/pro-bus-logo-200h.png","contentUrl":"https:\/\/probus-scandinavia.com\/wp-content\/uploads\/pro-bus-logo-200h.png","width":442,"height":200,"caption":"PRO BUS SCANDINAVIA"},"image":{"@id":"https:\/\/probus-scandinavia.com\/en\/#\/schema\/logo\/image\/"}}]}},"_links":{"self":[{"href":"https:\/\/probus-scandinavia.com\/en\/wp-json\/wp\/v2\/pages\/8241","targetHints":{"allow":["GET"]}}],"collection":[{"href":"https:\/\/probus-scandinavia.com\/en\/wp-json\/wp\/v2\/pages"}],"about":[{"href":"https:\/\/probus-scandinavia.com\/en\/wp-json\/wp\/v2\/types\/page"}],"author":[{"embeddable":true,"href":"https:\/\/probus-scandinavia.com\/en\/wp-json\/wp\/v2\/users\/2"}],"replies":[{"embeddable":true,"href":"https:\/\/probus-scandinavia.com\/en\/wp-json\/wp\/v2\/comments?post=8241"}],"version-history":[{"count":1,"href":"https:\/\/probus-scandinavia.com\/en\/wp-json\/wp\/v2\/pages\/8241\/revisions"}],"predecessor-version":[{"id":8242,"href":"https:\/\/probus-scandinavia.com\/en\/wp-json\/wp\/v2\/pages\/8241\/revisions\/8242"}],"wp:attachment":[{"href":"https:\/\/probus-scandinavia.com\/en\/wp-json\/wp\/v2\/media?parent=8241"}],"curies":[{"name":"wp","href":"https:\/\/api.w.org\/{rel}","templated":true}]}}